{"id":4023,"date":"2021-03-05T12:34:13","date_gmt":"2021-03-05T12:34:13","guid":{"rendered":"https:\/\/avantmanager.com\/quienes-somos\/"},"modified":"2021-07-20T11:36:42","modified_gmt":"2021-07-20T11:36:42","slug":"about-us","status":"publish","type":"page","link":"https:\/\/avantmanager.com\/en\/about-us\/","title":{"rendered":"About us"},"content":{"rendered":"<div class=\"fusion-fullwidth fullwidth-box fusion-builder-row-1 fusion-flex-container nonhundred-percent-fullwidth non-hundred-percent-height-scrolling\" style=\"--awb-border-radius-top-left:0px;--awb-border-radius-top-right:0px;--awb-border-radius-bottom-right:0px;--awb-border-radius-bottom-left:0px;--awb-padding-top:48px;--awb-padding-bottom:60px;--awb-padding-top-medium:36px;--awb-padding-bottom-medium:42px;--awb-padding-top-small:12px;--awb-padding-bottom-small:40px;--awb-flex-wrap:wrap;\" ><div class=\"fusion-builder-row fusion-row fusion-flex-align-items-flex-start fusion-flex-justify-content-center fusion-flex-content-wrap\" style=\"max-width:1372.8px;margin-left: calc(-4% \/ 2 );margin-right: calc(-4% \/ 2 );\"><div class=\"fusion-layout-column fusion_builder_column fusion-builder-column-0 fusion_builder_column_3_5 3_5 fusion-flex-column fusion-animated\" style=\"--awb-bg-size:cover;--awb-width-large:60%;--awb-margin-top-large:10px;--awb-spacing-right-large:3.2%;--awb-margin-bottom-large:52px;--awb-spacing-left-large:3.2%;--awb-width-medium:80%;--awb-spacing-right-medium:2.4%;--awb-margin-bottom-medium:48px;--awb-spacing-left-medium:2.4%;--awb-width-small:100%;--awb-spacing-right-small:1.92%;--awb-margin-bottom-small:32px;--awb-spacing-left-small:1.92%;\" data-animationType=\"fadeInDown\" data-animationDuration=\"1.6\" data-animationOffset=\"top-into-view\"><div class=\"fusion-column-wrapper fusion-column-has-shadow fusion-flex-justify-content-flex-start fusion-content-layout-column\"><div class=\"fusion-title title fusion-title-1 fusion-sep-none fusion-title-center fusion-title-text fusion-title-size-one\"><h1 class=\"fusion-title-heading title-heading-center fusion-responsive-typography-calculated\" style=\"margin:0;--fontSize:72;line-height:1.12;\">About us<\/h1><\/div><div class=\"fusion-text fusion-text-1\" style=\"--awb-content-alignment:center;--awb-font-size:20px;--awb-line-height:1.4em;--awb-letter-spacing:-0.02em;\"><p>Avant Manager is a software that was born from the professional needs of its creators, a team of engineers who decided to add know-how and create our own studio in 2003. In 2008, we realized that we needed management software to help us manage our business more efficiently. Avant Manager started as an internal tool after we established that there was no management system specifically for engineering and architecture studies on the market, but only general tools that did not fit our needs.<\/p>\n<p>When in 2012 a couple of architecture \/ engineering firms told us that they would like to implement Avant Manager in their organizations, we realized its great potential to help other firms with our 100% specialized tool.<\/p>\n<p>Thus, what was born as an internal tool, soon became a market product and in 2013 we sold the first Avant Manager license. And here we are, a few years later, dedicating ourselves exclusively to the development, improvement and commercialization of this software that has become the benchmark in our sector, with clients in different countries and with a growing number of projects.<\/p>\n<p>It is clear to us: we are engineers and architects at the service of other colleagues in the sector. We know what you need and we give you real answers and solutions.<\/p>\n<\/div><\/div><\/div><div class=\"fusion-layout-column fusion_builder_column fusion-builder-column-1 fusion_builder_column_1_1 1_1 fusion-flex-column\" style=\"--awb-bg-size:cover;--awb-width-large:100%;--awb-margin-top-large:20px;--awb-spacing-right-large:1.92%;--awb-margin-bottom-large:20px;--awb-spacing-left-large:1.92%;--awb-width-medium:100%;--awb-order-medium:0;--awb-spacing-right-medium:1.92%;--awb-spacing-left-medium:1.92%;--awb-width-small:100%;--awb-order-small:0;--awb-spacing-right-small:1.92%;--awb-spacing-left-small:1.92%;\"><div class=\"fusion-column-wrapper fusion-column-has-shadow fusion-flex-justify-content-flex-start fusion-content-layout-column\"><div class=\"fusion-image-element \" style=\"text-align:center;--awb-caption-title-font-family:var(--h2_typography-font-family);--awb-caption-title-font-weight:var(--h2_typography-font-weight);--awb-caption-title-font-style:var(--h2_typography-font-style);--awb-caption-title-size:var(--h2_typography-font-size);--awb-caption-title-transform:var(--h2_typography-text-transform);--awb-caption-title-line-height:var(--h2_typography-line-height);--awb-caption-title-letter-spacing:var(--h2_typography-letter-spacing);\"><span class=\" fusion-imageframe imageframe-none imageframe-1 hover-type-none\"><img decoding=\"async\" width=\"450\" height=\"800\" alt=\"Socios Fundadores de Avant Manager\" title=\"Socios Fundadores de Avant Manager\" src=\"https:\/\/avantmanager.com\/wp-content\/uploads\/2021\/04\/Socios_Fundadores_de_Avant_Manager.jpg\" data-orig-src=\"https:\/\/avantmanager.com\/wp-content\/uploads\/2021\/04\/Socios_Fundadores_de_Avant_Manager.jpg\" class=\"lazyload img-responsive wp-image-3871\" srcset=\"data:image\/svg+xml,%3Csvg%20xmlns%3D%27http%3A%2F%2Fwww.w3.org%2F2000%2Fsvg%27%20width%3D%27450%27%20height%3D%27800%27%20viewBox%3D%270%200%20450%20800%27%3E%3Crect%20width%3D%27450%27%20height%3D%27800%27%20fill-opacity%3D%220%22%2F%3E%3C%2Fsvg%3E\" data-srcset=\"https:\/\/avantmanager.com\/wp-content\/uploads\/2021\/04\/Socios_Fundadores_de_Avant_Manager-200x356.jpg 200w, https:\/\/avantmanager.com\/wp-content\/uploads\/2021\/04\/Socios_Fundadores_de_Avant_Manager-400x711.jpg 400w, https:\/\/avantmanager.com\/wp-content\/uploads\/2021\/04\/Socios_Fundadores_de_Avant_Manager.jpg 450w\" data-sizes=\"auto\" data-orig-sizes=\"(max-width: 640px) 100vw, 450px\" \/><\/span><\/div><div class=\"fusion-separator fusion-full-width-sep\" style=\"align-self: center;margin-left: auto;margin-right: auto;margin-top:20px;width:100%;\"><\/div><div class=\"fusion-text fusion-text-2\" style=\"--awb-content-alignment:center;--awb-font-size:20px;--awb-line-height:1.4em;--awb-letter-spacing:-0.02em;\"><p style=\"text-align: center;\">Image of the founding partners of Avant Manager<\/p>\n<\/div><\/div><\/div><\/div><\/div>\n","protected":false},"excerpt":{"rendered":"","protected":false},"author":1,"featured_media":0,"parent":0,"menu_order":0,"comment_status":"closed","ping_status":"closed","template":"100-width.php","meta":{"footnotes":""},"class_list":["post-4023","page","type-page","status-publish","hentry"],"yoast_head":"<!-- This site is optimized with the Yoast SEO plugin v25.6 - https:\/\/yoast.com\/wordpress\/plugins\/seo\/ -->\n<title>About us - Avant Manager<\/title>\n<meta name=\"description\" content=\"Avant Manager naci\u00f3 de las necesidades de equipo de ingenieros porque no exist\u00eda sistema de gesti\u00f3n espec\u00edfico para ingenier\u00eda y arquitectura\" \/>\n<meta name=\"robots\" content=\"index, follow, max-snippet:-1, max-image-preview:large, max-video-preview:-1\" \/>\n<link rel=\"canonical\" href=\"https:\/\/avantmanager.com\/quienes-somos\/\" \/>\n<meta property=\"og:locale\" content=\"en_US\" \/>\n<meta property=\"og:type\" content=\"article\" \/>\n<meta property=\"og:title\" content=\"About us - Avant Manager\" \/>\n<meta property=\"og:description\" content=\"Avant Manager naci\u00f3 de las necesidades de equipo de ingenieros porque no exist\u00eda sistema de gesti\u00f3n espec\u00edfico para ingenier\u00eda y arquitectura\" \/>\n<meta property=\"og:url\" content=\"https:\/\/avantmanager.com\/quienes-somos\/\" \/>\n<meta property=\"og:site_name\" content=\"Avant Manager\" \/>\n<meta property=\"article:modified_time\" content=\"2021-07-20T11:36:42+00:00\" \/>\n<meta name=\"twitter:card\" content=\"summary_large_image\" \/>\n<meta name=\"twitter:label1\" content=\"Est. reading time\" \/>\n\t<meta name=\"twitter:data1\" content=\"6 minutes\" \/>\n<script type=\"application\/ld+json\" class=\"yoast-schema-graph\">{\"@context\":\"https:\/\/schema.org\",\"@graph\":[{\"@type\":\"WebPage\",\"@id\":\"https:\/\/avantmanager.com\/quienes-somos\/\",\"url\":\"https:\/\/avantmanager.com\/quienes-somos\/\",\"name\":\"About us - Avant Manager\",\"isPartOf\":{\"@id\":\"https:\/\/avantmanager.com\/#website\"},\"datePublished\":\"2021-03-05T12:34:13+00:00\",\"dateModified\":\"2021-07-20T11:36:42+00:00\",\"description\":\"Avant Manager naci\u00f3 de las necesidades de equipo de ingenieros porque no exist\u00eda sistema de gesti\u00f3n espec\u00edfico para ingenier\u00eda y arquitectura\",\"breadcrumb\":{\"@id\":\"https:\/\/avantmanager.com\/quienes-somos\/#breadcrumb\"},\"inLanguage\":\"en-US\",\"potentialAction\":[{\"@type\":\"ReadAction\",\"target\":[\"https:\/\/avantmanager.com\/quienes-somos\/\"]}]},{\"@type\":\"BreadcrumbList\",\"@id\":\"https:\/\/avantmanager.com\/quienes-somos\/#breadcrumb\",\"itemListElement\":[{\"@type\":\"ListItem\",\"position\":1,\"name\":\"Portada\",\"item\":\"https:\/\/avantmanager.com\/en\/\"},{\"@type\":\"ListItem\",\"position\":2,\"name\":\"About us\"}]},{\"@type\":\"WebSite\",\"@id\":\"https:\/\/avantmanager.com\/#website\",\"url\":\"https:\/\/avantmanager.com\/\",\"name\":\"Avant Manager\",\"description\":\"Software de gesti\u00f3n para arquitectura e ingenier\u00eda\",\"potentialAction\":[{\"@type\":\"SearchAction\",\"target\":{\"@type\":\"EntryPoint\",\"urlTemplate\":\"https:\/\/avantmanager.com\/?s={search_term_string}\"},\"query-input\":{\"@type\":\"PropertyValueSpecification\",\"valueRequired\":true,\"valueName\":\"search_term_string\"}}],\"inLanguage\":\"en-US\"}]}<\/script>\n<!-- \/ Yoast SEO plugin. -->","yoast_head_json":{"title":"About us - Avant Manager","description":"Avant Manager naci\u00f3 de las necesidades de equipo de ingenieros porque no exist\u00eda sistema de gesti\u00f3n espec\u00edfico para ingenier\u00eda y arquitectura","robots":{"index":"index","follow":"follow","max-snippet":"max-snippet:-1","max-image-preview":"max-image-preview:large","max-video-preview":"max-video-preview:-1"},"canonical":"https:\/\/avantmanager.com\/quienes-somos\/","og_locale":"en_US","og_type":"article","og_title":"About us - Avant Manager","og_description":"Avant Manager naci\u00f3 de las necesidades de equipo de ingenieros porque no exist\u00eda sistema de gesti\u00f3n espec\u00edfico para ingenier\u00eda y arquitectura","og_url":"https:\/\/avantmanager.com\/quienes-somos\/","og_site_name":"Avant Manager","article_modified_time":"2021-07-20T11:36:42+00:00","twitter_card":"summary_large_image","twitter_misc":{"Est. reading time":"6 minutes"},"schema":{"@context":"https:\/\/schema.org","@graph":[{"@type":"WebPage","@id":"https:\/\/avantmanager.com\/quienes-somos\/","url":"https:\/\/avantmanager.com\/quienes-somos\/","name":"About us - Avant Manager","isPartOf":{"@id":"https:\/\/avantmanager.com\/#website"},"datePublished":"2021-03-05T12:34:13+00:00","dateModified":"2021-07-20T11:36:42+00:00","description":"Avant Manager naci\u00f3 de las necesidades de equipo de ingenieros porque no exist\u00eda sistema de gesti\u00f3n espec\u00edfico para ingenier\u00eda y arquitectura","breadcrumb":{"@id":"https:\/\/avantmanager.com\/quienes-somos\/#breadcrumb"},"inLanguage":"en-US","potentialAction":[{"@type":"ReadAction","target":["https:\/\/avantmanager.com\/quienes-somos\/"]}]},{"@type":"BreadcrumbList","@id":"https:\/\/avantmanager.com\/quienes-somos\/#breadcrumb","itemListElement":[{"@type":"ListItem","position":1,"name":"Portada","item":"https:\/\/avantmanager.com\/en\/"},{"@type":"ListItem","position":2,"name":"About us"}]},{"@type":"WebSite","@id":"https:\/\/avantmanager.com\/#website","url":"https:\/\/avantmanager.com\/","name":"Avant Manager","description":"Software de gesti\u00f3n para arquitectura e ingenier\u00eda","potentialAction":[{"@type":"SearchAction","target":{"@type":"EntryPoint","urlTemplate":"https:\/\/avantmanager.com\/?s={search_term_string}"},"query-input":{"@type":"PropertyValueSpecification","valueRequired":true,"valueName":"search_term_string"}}],"inLanguage":"en-US"}]}},"_links":{"self":[{"href":"https:\/\/avantmanager.com\/en\/wp-json\/wp\/v2\/pages\/4023","targetHints":{"allow":["GET"]}}],"collection":[{"href":"https:\/\/avantmanager.com\/en\/wp-json\/wp\/v2\/pages"}],"about":[{"href":"https:\/\/avantmanager.com\/en\/wp-json\/wp\/v2\/types\/page"}],"author":[{"embeddable":true,"href":"https:\/\/avantmanager.com\/en\/wp-json\/wp\/v2\/users\/1"}],"replies":[{"embeddable":true,"href":"https:\/\/avantmanager.com\/en\/wp-json\/wp\/v2\/comments?post=4023"}],"version-history":[{"count":1,"href":"https:\/\/avantmanager.com\/en\/wp-json\/wp\/v2\/pages\/4023\/revisions"}],"predecessor-version":[{"id":4025,"href":"https:\/\/avantmanager.com\/en\/wp-json\/wp\/v2\/pages\/4023\/revisions\/4025"}],"wp:attachment":[{"href":"https:\/\/avantmanager.com\/en\/wp-json\/wp\/v2\/media?parent=4023"}],"curies":[{"name":"wp","href":"https:\/\/api.w.org\/{rel}","templated":true}]}}