{"id":4088,"date":"2021-03-05T16:06:23","date_gmt":"2021-03-05T16:06:23","guid":{"rendered":"https:\/\/avantmanager.com\/contacto\/"},"modified":"2025-10-03T14:27:16","modified_gmt":"2025-10-03T14:27:16","slug":"contact","status":"publish","type":"page","link":"https:\/\/avantmanager.com\/en\/contact\/","title":{"rendered":"Contact"},"content":{"rendered":"<div class=\"fusion-fullwidth fullwidth-box fusion-builder-row-1 fusion-flex-container nonhundred-percent-fullwidth non-hundred-percent-height-scrolling\" style=\"--awb-border-radius-top-left:0px;--awb-border-radius-top-right:0px;--awb-border-radius-bottom-right:0px;--awb-border-radius-bottom-left:0px;--awb-padding-top:48px;--awb-padding-bottom:6%;--awb-padding-top-medium:12px;--awb-background-color:#ffffff;--awb-flex-wrap:wrap;\" ><div class=\"fusion-builder-row fusion-row fusion-flex-align-items-flex-start fusion-flex-content-wrap\" style=\"max-width:1372.8px;margin-left: calc(-4% \/ 2 );margin-right: calc(-4% \/ 2 );\"><div class=\"fusion-layout-column fusion_builder_column fusion-builder-column-0 fusion_builder_column_1_1 1_1 fusion-flex-column fusion-animated\" style=\"--awb-bg-size:cover;--awb-width-large:100%;--awb-margin-top-large:20px;--awb-spacing-right-large:1.92%;--awb-margin-bottom-large:60px;--awb-spacing-left-large:1.92%;--awb-width-medium:100%;--awb-order-medium:0;--awb-margin-top-medium:16px;--awb-spacing-right-medium:1.92%;--awb-margin-bottom-medium:16px;--awb-spacing-left-medium:1.92%;--awb-width-small:100%;--awb-order-small:0;--awb-margin-top-small:10px;--awb-spacing-right-small:1.92%;--awb-margin-bottom-small:16px;--awb-spacing-left-small:1.92%;\" data-animationType=\"fadeInDown\" data-animationDuration=\"1.0\" data-animationOffset=\"top-into-view\"><div class=\"fusion-column-wrapper fusion-column-has-shadow fusion-flex-justify-content-flex-start fusion-content-layout-column\"><div class=\"fusion-title title fusion-title-1 fusion-sep-none fusion-title-center fusion-title-text fusion-title-size-one\" style=\"--awb-margin-bottom-medium:32px;\"><h1 class=\"fusion-title-heading title-heading-center fusion-responsive-typography-calculated\" style=\"margin:0;--fontSize:72;line-height:1.12;\">Contact<\/h1><\/div><\/div><\/div><div class=\"fusion-layout-column fusion_builder_column fusion-builder-column-1 fusion_builder_column_2_5 2_5 fusion-flex-column fusion-animated\" style=\"--awb-bg-size:cover;--awb-width-large:40%;--awb-margin-top-large:20px;--awb-spacing-right-large:9.6%;--awb-margin-bottom-large:20px;--awb-spacing-left-large:24%;--awb-width-medium:40%;--awb-spacing-right-medium:9.6%;--awb-spacing-left-medium:9.6%;--awb-width-small:100%;--awb-order-small:1;--awb-spacing-right-small:1.92%;--awb-spacing-left-small:1.92%;\" data-animationType=\"fadeInLeft\" data-animationDuration=\"1.6\" data-animationOffset=\"top-into-view\"><div class=\"fusion-column-wrapper fusion-column-has-shadow fusion-flex-justify-content-flex-start fusion-content-layout-column\"><div class=\"fusion-title title fusion-title-2 fusion-sep-none fusion-title-text fusion-title-size-div\" style=\"--awb-text-color:#000000;--awb-margin-top:0px;--awb-margin-bottom:12px;--awb-margin-bottom-small:2px;--awb-margin-bottom-medium:4px;--awb-font-size:18px;\"><div class=\"fusion-title-heading title-heading-left title-heading-tag fusion-responsive-typography-calculated\" style=\"margin:0;font-size:1em;--fontSize:18;--minFontSize:18;line-height:1.44;\"><a href=\"mailto:info@avantmanager.com\"><i class=\"far fa-envelope\"><\/i> info@avantmanager.com<\/a><\/div><\/div><div class=\"fusion-title title fusion-title-3 fusion-sep-none fusion-title-text fusion-title-size-div\" style=\"--awb-text-color:#000000;--awb-margin-top:0px;--awb-margin-bottom:12px;--awb-margin-bottom-small:2px;--awb-margin-bottom-medium:4px;--awb-font-size:18px;\"><div class=\"fusion-title-heading title-heading-left title-heading-tag fusion-responsive-typography-calculated\" style=\"margin:0;font-size:1em;--fontSize:18;--minFontSize:18;line-height:1.44;\"><i class=\"fas fa-phone-alt\"><\/i> T. +34 93 210 85 42<\/div><\/div><div class=\"fusion-title title fusion-title-4 fusion-sep-none fusion-title-text fusion-title-size-div\" style=\"--awb-text-color:#000000;--awb-margin-top:0px;--awb-margin-bottom:12px;--awb-margin-bottom-small:2px;--awb-margin-bottom-medium:4px;--awb-font-size:18px;\"><div class=\"fusion-title-heading title-heading-left title-heading-tag fusion-responsive-typography-calculated\" style=\"margin:0;font-size:1em;--fontSize:18;--minFontSize:18;line-height:1.44;\"><i class=\"far fa-building\"><\/i> C\/ Proven\u00e7a 183, 2-3.<br \/>\n08036 Barcelona (Spain)<\/div><\/div><\/div><\/div><div class=\"fusion-layout-column fusion_builder_column fusion-builder-column-2 fusion_builder_column_3_5 3_5 fusion-flex-column fusion-animated\" style=\"--awb-padding-top:20px;--awb-padding-right:40px;--awb-padding-bottom:20px;--awb-padding-left:40px;--awb-padding-top-small:24px;--awb-padding-right-small:28px;--awb-padding-bottom-small:16px;--awb-padding-left-small:28px;--awb-overflow:hidden;--awb-bg-color:#ffffff;--awb-bg-color-hover:#ffffff;--awb-bg-size:cover;--awb-box-shadow:0px 0px 60px -8px rgba(0,0,0,0.12);;--awb-border-color:rgba(0,0,0,0.08);--awb-border-right:1px;--awb-border-bottom:1px;--awb-border-left:1px;--awb-border-style:solid;--awb-border-radius:12px 12px 12px 12px;--awb-width-large:60%;--awb-margin-top-large:20px;--awb-spacing-right-large:16%;--awb-margin-bottom-large:20px;--awb-spacing-left-large:9.6%;--awb-width-medium:60%;--awb-order-medium:0;--awb-spacing-right-medium:6.4%;--awb-spacing-left-medium:3.2%;--awb-width-small:100%;--awb-order-small:0;--awb-margin-top-small:0px;--awb-spacing-right-small:3.84%;--awb-margin-bottom-small:30px;--awb-spacing-left-small:1.92%;\" data-animationType=\"fadeInRight\" data-animationDuration=\"2.0\" data-animationOffset=\"top-into-view\"><div class=\"fusion-column-wrapper fusion-column-has-shadow fusion-flex-justify-content-center fusion-content-layout-column\">\n<div class=\"wpcf7 no-js\" id=\"wpcf7-f4101-o1\" lang=\"es-ES\" dir=\"ltr\" data-wpcf7-id=\"4101\">\n<div class=\"screen-reader-response\"><p role=\"status\" aria-live=\"polite\" aria-atomic=\"true\"><\/p> <ul><\/ul><\/div>\n<form action=\"\/en\/wp-json\/wp\/v2\/pages\/4088#wpcf7-f4101-o1\" method=\"post\" class=\"wpcf7-form init wpcf7-acceptance-as-validation\" aria-label=\"Formulario de contacto\" novalidate=\"novalidate\" data-status=\"init\">\n<fieldset class=\"hidden-fields-container\"><input type=\"hidden\" name=\"_wpcf7\" value=\"4101\" \/><input type=\"hidden\" name=\"_wpcf7_version\" value=\"6.1.2\" \/><input type=\"hidden\" name=\"_wpcf7_locale\" value=\"es_ES\" \/><input type=\"hidden\" name=\"_wpcf7_unit_tag\" value=\"wpcf7-f4101-o1\" \/><input type=\"hidden\" name=\"_wpcf7_container_post\" value=\"0\" \/><input type=\"hidden\" name=\"_wpcf7_posted_data_hash\" value=\"\" \/><input type=\"hidden\" name=\"_wpcf7_recaptcha_response\" value=\"\" \/>\n<\/fieldset>\n<div style=\"margin-bottom: 10px;\">\n\t<p><span class=\"wpcf7-form-control-wrap\" data-name=\"your-name\"><input size=\"40\" maxlength=\"400\" class=\"wpcf7-form-control wpcf7-text wpcf7-validates-as-required\" aria-required=\"true\" aria-invalid=\"false\" placeholder=\"First Name\" value=\"\" type=\"text\" name=\"your-name\" \/><\/span>\n\t<\/p>\n<\/div>\n<div style=\"margin-bottom: 10px;\">\n\t<p><span class=\"wpcf7-form-control-wrap\" data-name=\"your-surname\"><input size=\"40\" maxlength=\"400\" class=\"wpcf7-form-control wpcf7-text wpcf7-validates-as-required\" aria-required=\"true\" aria-invalid=\"false\" placeholder=\"Last Name\" value=\"\" type=\"text\" name=\"your-surname\" \/><\/span>\n\t<\/p>\n<\/div>\n<div style=\"margin-bottom: 10px;\">\n\t<p><span class=\"wpcf7-form-control-wrap\" data-name=\"email\"><input size=\"40\" maxlength=\"400\" class=\"wpcf7-form-control wpcf7-email wpcf7-validates-as-required wpcf7-text wpcf7-validates-as-email\" aria-required=\"true\" aria-invalid=\"false\" placeholder=\"Email\" value=\"\" type=\"email\" name=\"email\" \/><\/span>\n\t<\/p>\n<\/div>\n<div style=\"margin-bottom: 10px;\">\n\t<p><span class=\"wpcf7-form-control-wrap\" data-name=\"pais\"><input size=\"40\" maxlength=\"400\" class=\"wpcf7-form-control wpcf7-text wpcf7-validates-as-required\" aria-required=\"true\" aria-invalid=\"false\" placeholder=\"Country\" value=\"\" type=\"text\" name=\"pais\" \/><\/span>\n\t<\/p>\n<\/div>\n<div style=\"margin-bottom: 10px;\">\n\t<p><span class=\"wpcf7-form-control-wrap\" data-name=\"telephone\"><input size=\"40\" class=\"wpcf7-form-control wpcf7-phonetext wpcf7-validates-as-required wpcf7-text wpcf7-validates-as-phonetext\" aria-required=\"true\" aria-invalid=\"false\" placeholder=\"Telephone\" value=\"\" type=\"text\" name=\"telephone\" \/><input type=\"hidden\" name=\"telephone-country-code\" class=\"wpcf7-phonetext-country-code\" \/><\/span>\n\t<\/p>\n<\/div>\n<div style=\"margin-bottom: 10px;\">\n\t<p><span class=\"wpcf7-form-control-wrap\" data-name=\"comentarios\"><textarea cols=\"20\" rows=\"2\" maxlength=\"2000\" class=\"wpcf7-form-control wpcf7-textarea\" aria-invalid=\"false\" placeholder=\"Comments\" name=\"comentarios\"><\/textarea><\/span>\n\t<\/p>\n<\/div>\n<div style=\"margin-bottom: 5px;\">\n\t<p><span class=\"wpcf7-form-control-wrap\" data-name=\"accept-privacy\"><span class=\"wpcf7-form-control wpcf7-acceptance\"><span class=\"wpcf7-list-item\"><label><input type=\"checkbox\" name=\"accept-privacy\" value=\"1\" aria-invalid=\"false\" \/><span class=\"wpcf7-list-item-label\">I have read, understand and accept the <a href=\"https:\/\/avantmanager.com\/en\/privacy-policy\/\" target=\"_blank\">Privacy Policy<\/a>.<\/span><\/label><\/span><\/span><\/span>\n\t<\/p>\n<\/div>\n<div style=\"margin-bottom: 15px;\">\n\t<p><span class=\"wpcf7-form-control-wrap\" data-name=\"checkbox-info\"><span class=\"wpcf7-form-control wpcf7-checkbox\"><span class=\"wpcf7-list-item first last\"><label><input type=\"checkbox\" name=\"checkbox-info[]\" value=\"I give my express consent to get commercial communications of AVANT EFFICIENCY SL, for e-mail, WhatsApp and other media, according to what establishes at the Law LSSI\/CE 34\/2002.\" \/><span class=\"wpcf7-list-item-label\">I give my express consent to get commercial communications of AVANT EFFICIENCY SL, for e-mail, WhatsApp and other media, according to what establishes at the Law LSSI\/CE 34\/2002.<\/span><\/label><\/span><\/span><\/span>\n\t<\/p>\n<\/div>\n<div>\n\t<p><input type=\"submit\" class=\"wpcf7-form-control wpcf7-submit\" value=\"Send\" style=\"display: block; width: 100%; padding: 20px 30px; font-size: 20px;\" \/>\n\t<\/p>\n<\/div>\n<p class=\"text-legal\">If you do not desire to continue getting our commercial communications, you can remove your consent by sending an e-mail to <a href=\"mailto:info@avantmanager.com\">info@avantmanager.com<\/a> with the unsubscribe word in the subject.\n<\/p>\n<input class=\"wpcf7-form-control wpcf7-hidden utm_source\" id=\"utm_source\" value=\"\" type=\"hidden\" name=\"utm_source_cf7\" \/><div class=\"fusion-alert alert custom alert-custom fusion-alert-center wpcf7-response-output awb-alert-native-link-color alert-dismissable awb-alert-close-boxed alert-shadow\" style=\"--awb-border-size:1px;--awb-border-top-left-radius:0px;--awb-border-top-right-radius:0px;--awb-border-bottom-left-radius:0px;--awb-border-bottom-right-radius:0px;\" role=\"alert\"><div class=\"fusion-alert-content-wrapper\"><span class=\"fusion-alert-content\"><\/span><\/div><button type=\"button\" class=\"close toggle-alert\" data-dismiss=\"alert\" aria-label=\"Close\">&times;<\/button><\/div>\n<\/form>\n<\/div>\n<\/div><\/div><\/div><\/div>\n","protected":false},"excerpt":{"rendered":"","protected":false},"author":1,"featured_media":0,"parent":0,"menu_order":0,"comment_status":"closed","ping_status":"closed","template":"100-width.php","meta":{"footnotes":""},"class_list":["post-4088","page","type-page","status-publish","hentry"],"yoast_head":"<!-- This site is optimized with the Yoast SEO plugin v25.6 - https:\/\/yoast.com\/wordpress\/plugins\/seo\/ -->\n<title>Contact - Avant Manager<\/title>\n<meta name=\"description\" content=\"Datos de contacto de Avant Manager, el software de gesti\u00f3n especializado \u00fanicamente en arquitectura e ingenier\u00eda\" \/>\n<meta name=\"robots\" content=\"index, follow, max-snippet:-1, max-image-preview:large, max-video-preview:-1\" \/>\n<link rel=\"canonical\" href=\"https:\/\/avantmanager.com\/en\/contact\/\" \/>\n<meta property=\"og:locale\" content=\"en_US\" \/>\n<meta property=\"og:type\" content=\"article\" \/>\n<meta property=\"og:title\" content=\"Contact - Avant Manager\" \/>\n<meta property=\"og:description\" content=\"Datos de contacto de Avant Manager, el software de gesti\u00f3n especializado \u00fanicamente en arquitectura e ingenier\u00eda\" \/>\n<meta property=\"og:url\" content=\"https:\/\/avantmanager.com\/en\/contact\/\" \/>\n<meta property=\"og:site_name\" content=\"Avant Manager\" \/>\n<meta property=\"article:modified_time\" content=\"2025-10-03T14:27:16+00:00\" \/>\n<meta name=\"twitter:card\" content=\"summary_large_image\" \/>\n<meta name=\"twitter:label1\" content=\"Est. reading time\" \/>\n\t<meta name=\"twitter:data1\" content=\"1 minute\" \/>\n<script type=\"application\/ld+json\" class=\"yoast-schema-graph\">{\"@context\":\"https:\/\/schema.org\",\"@graph\":[{\"@type\":\"WebPage\",\"@id\":\"https:\/\/avantmanager.com\/en\/contact\/\",\"url\":\"https:\/\/avantmanager.com\/en\/contact\/\",\"name\":\"Contact - Avant Manager\",\"isPartOf\":{\"@id\":\"https:\/\/avantmanager.com\/#website\"},\"datePublished\":\"2021-03-05T16:06:23+00:00\",\"dateModified\":\"2025-10-03T14:27:16+00:00\",\"description\":\"Datos de contacto de Avant Manager, el software de gesti\u00f3n especializado \u00fanicamente en arquitectura e ingenier\u00eda\",\"breadcrumb\":{\"@id\":\"https:\/\/avantmanager.com\/en\/contact\/#breadcrumb\"},\"inLanguage\":\"en-US\",\"potentialAction\":[{\"@type\":\"ReadAction\",\"target\":[\"https:\/\/avantmanager.com\/en\/contact\/\"]}]},{\"@type\":\"BreadcrumbList\",\"@id\":\"https:\/\/avantmanager.com\/en\/contact\/#breadcrumb\",\"itemListElement\":[{\"@type\":\"ListItem\",\"position\":1,\"name\":\"Portada\",\"item\":\"https:\/\/avantmanager.com\/en\/\"},{\"@type\":\"ListItem\",\"position\":2,\"name\":\"Contact\"}]},{\"@type\":\"WebSite\",\"@id\":\"https:\/\/avantmanager.com\/#website\",\"url\":\"https:\/\/avantmanager.com\/\",\"name\":\"Avant Manager\",\"description\":\"Software de gesti\u00f3n para arquitectura e ingenier\u00eda\",\"potentialAction\":[{\"@type\":\"SearchAction\",\"target\":{\"@type\":\"EntryPoint\",\"urlTemplate\":\"https:\/\/avantmanager.com\/?s={search_term_string}\"},\"query-input\":{\"@type\":\"PropertyValueSpecification\",\"valueRequired\":true,\"valueName\":\"search_term_string\"}}],\"inLanguage\":\"en-US\"}]}<\/script>\n<!-- \/ Yoast SEO plugin. -->","yoast_head_json":{"title":"Contact - Avant Manager","description":"Datos de contacto de Avant Manager, el software de gesti\u00f3n especializado \u00fanicamente en arquitectura e ingenier\u00eda","robots":{"index":"index","follow":"follow","max-snippet":"max-snippet:-1","max-image-preview":"max-image-preview:large","max-video-preview":"max-video-preview:-1"},"canonical":"https:\/\/avantmanager.com\/en\/contact\/","og_locale":"en_US","og_type":"article","og_title":"Contact - Avant Manager","og_description":"Datos de contacto de Avant Manager, el software de gesti\u00f3n especializado \u00fanicamente en arquitectura e ingenier\u00eda","og_url":"https:\/\/avantmanager.com\/en\/contact\/","og_site_name":"Avant Manager","article_modified_time":"2025-10-03T14:27:16+00:00","twitter_card":"summary_large_image","twitter_misc":{"Est. reading time":"1 minute"},"schema":{"@context":"https:\/\/schema.org","@graph":[{"@type":"WebPage","@id":"https:\/\/avantmanager.com\/en\/contact\/","url":"https:\/\/avantmanager.com\/en\/contact\/","name":"Contact - Avant Manager","isPartOf":{"@id":"https:\/\/avantmanager.com\/#website"},"datePublished":"2021-03-05T16:06:23+00:00","dateModified":"2025-10-03T14:27:16+00:00","description":"Datos de contacto de Avant Manager, el software de gesti\u00f3n especializado \u00fanicamente en arquitectura e ingenier\u00eda","breadcrumb":{"@id":"https:\/\/avantmanager.com\/en\/contact\/#breadcrumb"},"inLanguage":"en-US","potentialAction":[{"@type":"ReadAction","target":["https:\/\/avantmanager.com\/en\/contact\/"]}]},{"@type":"BreadcrumbList","@id":"https:\/\/avantmanager.com\/en\/contact\/#breadcrumb","itemListElement":[{"@type":"ListItem","position":1,"name":"Portada","item":"https:\/\/avantmanager.com\/en\/"},{"@type":"ListItem","position":2,"name":"Contact"}]},{"@type":"WebSite","@id":"https:\/\/avantmanager.com\/#website","url":"https:\/\/avantmanager.com\/","name":"Avant Manager","description":"Software de gesti\u00f3n para arquitectura e ingenier\u00eda","potentialAction":[{"@type":"SearchAction","target":{"@type":"EntryPoint","urlTemplate":"https:\/\/avantmanager.com\/?s={search_term_string}"},"query-input":{"@type":"PropertyValueSpecification","valueRequired":true,"valueName":"search_term_string"}}],"inLanguage":"en-US"}]}},"_links":{"self":[{"href":"https:\/\/avantmanager.com\/en\/wp-json\/wp\/v2\/pages\/4088","targetHints":{"allow":["GET"]}}],"collection":[{"href":"https:\/\/avantmanager.com\/en\/wp-json\/wp\/v2\/pages"}],"about":[{"href":"https:\/\/avantmanager.com\/en\/wp-json\/wp\/v2\/types\/page"}],"author":[{"embeddable":true,"href":"https:\/\/avantmanager.com\/en\/wp-json\/wp\/v2\/users\/1"}],"replies":[{"embeddable":true,"href":"https:\/\/avantmanager.com\/en\/wp-json\/wp\/v2\/comments?post=4088"}],"version-history":[{"count":5,"href":"https:\/\/avantmanager.com\/en\/wp-json\/wp\/v2\/pages\/4088\/revisions"}],"predecessor-version":[{"id":5593,"href":"https:\/\/avantmanager.com\/en\/wp-json\/wp\/v2\/pages\/4088\/revisions\/5593"}],"wp:attachment":[{"href":"https:\/\/avantmanager.com\/en\/wp-json\/wp\/v2\/media?parent=4088"}],"curies":[{"name":"wp","href":"https:\/\/api.w.org\/{rel}","templated":true}]}}