{"id":4282,"date":"2022-03-22T15:11:23","date_gmt":"2022-03-22T15:11:23","guid":{"rendered":"https:\/\/avantmanager.com\/?page_id=4282"},"modified":"2025-08-08T08:30:35","modified_gmt":"2025-08-08T08:30:35","slug":"kit-digital","status":"publish","type":"page","link":"https:\/\/avantmanager.com\/en\/kit-digital\/","title":{"rendered":"Kit Digital"},"content":{"rendered":"<div class=\"fusion-fullwidth fullwidth-box fusion-builder-row-1 fusion-flex-container nonhundred-percent-fullwidth non-hundred-percent-height-scrolling\" style=\"--awb-border-radius-top-left:0px;--awb-border-radius-top-right:0px;--awb-border-radius-bottom-right:0px;--awb-border-radius-bottom-left:0px;--awb-padding-top:48px;--awb-padding-bottom:60px;--awb-padding-top-medium:36px;--awb-padding-bottom-medium:42px;--awb-padding-top-small:12px;--awb-padding-bottom-small:40px;--awb-flex-wrap:wrap;\" ><div class=\"fusion-builder-row fusion-row fusion-flex-align-items-flex-start fusion-flex-justify-content-center fusion-flex-content-wrap\" style=\"max-width:1372.8px;margin-left: calc(-4% \/ 2 );margin-right: calc(-4% \/ 2 );\"><div class=\"fusion-layout-column fusion_builder_column fusion-builder-column-0 fusion_builder_column_3_5 3_5 fusion-flex-column fusion-animated\" style=\"--awb-bg-size:cover;--awb-width-large:60%;--awb-margin-top-large:10px;--awb-spacing-right-large:3.2%;--awb-margin-bottom-large:52px;--awb-spacing-left-large:3.2%;--awb-width-medium:80%;--awb-spacing-right-medium:2.4%;--awb-margin-bottom-medium:48px;--awb-spacing-left-medium:2.4%;--awb-width-small:100%;--awb-spacing-right-small:1.92%;--awb-margin-bottom-small:32px;--awb-spacing-left-small:1.92%;\" data-animationType=\"fadeInDown\" data-animationDuration=\"1.6\" data-animationOffset=\"top-into-view\"><div class=\"fusion-column-wrapper fusion-column-has-shadow fusion-flex-justify-content-flex-start fusion-content-layout-column\"><div class=\"fusion-image-element \" style=\"text-align:center;--awb-caption-title-font-family:var(--h2_typography-font-family);--awb-caption-title-font-weight:var(--h2_typography-font-weight);--awb-caption-title-font-style:var(--h2_typography-font-style);--awb-caption-title-size:var(--h2_typography-font-size);--awb-caption-title-transform:var(--h2_typography-text-transform);--awb-caption-title-line-height:var(--h2_typography-line-height);--awb-caption-title-letter-spacing:var(--h2_typography-letter-spacing);\"><span class=\" fusion-imageframe imageframe-none imageframe-1 hover-type-none\"><img decoding=\"async\" width=\"1200\" height=\"112\" title=\"LOGO_KITDIGITAL\" src=\"https:\/\/avantmanager.com\/wp-content\/uploads\/2024\/02\/LOGO_KITDIGITAL.jpg\" data-orig-src=\"https:\/\/avantmanager.com\/wp-content\/uploads\/2024\/02\/LOGO_KITDIGITAL.jpg\" alt class=\"lazyload img-responsive wp-image-4930\" srcset=\"data:image\/svg+xml,%3Csvg%20xmlns%3D%27http%3A%2F%2Fwww.w3.org%2F2000%2Fsvg%27%20width%3D%271200%27%20height%3D%27112%27%20viewBox%3D%270%200%201200%20112%27%3E%3Crect%20width%3D%271200%27%20height%3D%27112%27%20fill-opacity%3D%220%22%2F%3E%3C%2Fsvg%3E\" data-srcset=\"https:\/\/avantmanager.com\/wp-content\/uploads\/2024\/02\/LOGO_KITDIGITAL-200x19.jpg 200w, https:\/\/avantmanager.com\/wp-content\/uploads\/2024\/02\/LOGO_KITDIGITAL-400x37.jpg 400w, https:\/\/avantmanager.com\/wp-content\/uploads\/2024\/02\/LOGO_KITDIGITAL-600x56.jpg 600w, https:\/\/avantmanager.com\/wp-content\/uploads\/2024\/02\/LOGO_KITDIGITAL-800x75.jpg 800w, https:\/\/avantmanager.com\/wp-content\/uploads\/2024\/02\/LOGO_KITDIGITAL.jpg 1200w\" data-sizes=\"auto\" data-orig-sizes=\"(max-width: 640px) 100vw, 800px\" \/><\/span><\/div><div class=\"fusion-title title fusion-title-1 fusion-sep-none fusion-title-text fusion-title-size-two\"><h2 class=\"fusion-title-heading title-heading-left fusion-responsive-typography-calculated\" style=\"margin:0;--fontSize:54;line-height:1.14;\">\u00bfQu\u00e9 es el Kit Digital?<\/h2><\/div><div class=\"fusion-text fusion-text-1\" style=\"--awb-content-alignment:left;--awb-font-size:20px;--awb-line-height:1.4em;--awb-letter-spacing:-0.02em;\"><p>El Kit Digital es una ayuda que proviene de los fondos Europeos Next Generation destinada a la transformaci\u00f3n digital de pymes de 1 a 49 empleados.<\/p>\n<p>La ayuda est\u00e1 segmentada por tama\u00f1o de la pyme seg\u00fan los criterios siguientes:<\/p>\n<\/div><div class=\"fusion-image-element \" style=\"text-align:center;--awb-caption-title-font-family:var(--h2_typography-font-family);--awb-caption-title-font-weight:var(--h2_typography-font-weight);--awb-caption-title-font-style:var(--h2_typography-font-style);--awb-caption-title-size:var(--h2_typography-font-size);--awb-caption-title-transform:var(--h2_typography-text-transform);--awb-caption-title-line-height:var(--h2_typography-line-height);--awb-caption-title-letter-spacing:var(--h2_typography-letter-spacing);\"><span class=\" fusion-imageframe imageframe-none imageframe-2 hover-type-none\"><img decoding=\"async\" width=\"767\" height=\"149\" title=\"kit-digital-2\" src=\"https:\/\/avantmanager.com\/wp-content\/uploads\/2025\/08\/kit-digital-2.jpg\" data-orig-src=\"https:\/\/avantmanager.com\/wp-content\/uploads\/2025\/08\/kit-digital-2.jpg\" alt class=\"lazyload img-responsive wp-image-5414\" srcset=\"data:image\/svg+xml,%3Csvg%20xmlns%3D%27http%3A%2F%2Fwww.w3.org%2F2000%2Fsvg%27%20width%3D%27767%27%20height%3D%27149%27%20viewBox%3D%270%200%20767%20149%27%3E%3Crect%20width%3D%27767%27%20height%3D%27149%27%20fill-opacity%3D%220%22%2F%3E%3C%2Fsvg%3E\" data-srcset=\"https:\/\/avantmanager.com\/wp-content\/uploads\/2025\/08\/kit-digital-2-200x39.jpg 200w, https:\/\/avantmanager.com\/wp-content\/uploads\/2025\/08\/kit-digital-2-400x78.jpg 400w, https:\/\/avantmanager.com\/wp-content\/uploads\/2025\/08\/kit-digital-2-600x117.jpg 600w, https:\/\/avantmanager.com\/wp-content\/uploads\/2025\/08\/kit-digital-2.jpg 767w\" data-sizes=\"auto\" data-orig-sizes=\"(max-width: 640px) 100vw, 767px\" \/><\/span><\/div><div class=\"fusion-text fusion-text-2\" style=\"--awb-content-alignment:left;--awb-font-size:20px;--awb-line-height:1.4em;--awb-letter-spacing:-0.02em;\"><p>La asignaci\u00f3n puede repartirse adquiriendo productos que deben tener una vinculaci\u00f3n directa con estas \u00e1reas:<\/p>\n<ul>\n<li><a href=\"https:\/\/t.sidekickopen10.com\/s3t\/c\/5\/f18dQhb0S7kF8bP4qfW78_qHx1jkhflN4kC_d_pLqdTMb0Gwf5YWYrVz7kSk4SbK9D101?te=W3R5hFj4cm2zwW4mKLS-3z8mL6W3K8Pwq4rBFxKW3P4F8q3K96BXW3T3KWH3S-q0dW3zd1fX3T3R9kf1GKh1W04&amp;si=8000000004880083&amp;pi=706066f9-4d86-419f-9e66-05fb95e0869c\">Sitio web:\u00a0<\/a>Hasta 2.000\u20ac<\/li>\n<li><a href=\"https:\/\/t.sidekickopen10.com\/s3t\/c\/5\/f18dQhb0S7kF8bP4qfW78_qHx1jkhflN4kC_d_pLqdTMb0Gwf5YWYrVz7kSk4SbK9D101?te=W3R5hFj4cm2zwW4mKLS-3z8mL6W3K8Pwq4rBFxKW3P4F8q3K96BXW3T3KWH3S-q0dW3zd1fD43T9x6W3F7-rw3K6j0mF4fN0hxTmq91&amp;si=8000000004880083&amp;pi=706066f9-4d86-419f-9e66-05fb95e0869c\">E-commerce<\/a>:\u00a0Hasta 2.000\u20ac<\/li>\n<li><a href=\"https:\/\/t.sidekickopen10.com\/s3t\/c\/5\/f18dQhb0S7kF8bP4qfW78_qHx1jkhflN4kC_d_pLqdTMb0Gwf5YWYrVz7kSk4SbK9D101?te=W3R5hFj4cm2zwW4mKLS-3z8mL6W3K8Pwq4rBFxKW3P4F8q3K96BXW3T3KWH3S-q0dW3zd1fJ3K9dF_W43Tw4g3K2-cDW1GHF0Q3SXXqp2273&amp;si=8000000004880083&amp;pi=706066f9-4d86-419f-9e66-05fb95e0869c\">Gesti\u00f3n de redes sociales:\u00a0<\/a>Hasta 2.500\u20ac<\/li>\n<li><a href=\"https:\/\/t.sidekickopen10.com\/s3t\/c\/5\/f18dQhb0S7kF8bP4qfW78_qHx1jkhflN4kC_d_pLqdTMb0Gwf5YWYrVz7kSk4SbK9D101?te=W3R5hFj4cm2zwW4mKLS-3z8mL6W3K8Pwq4rBFxKW3P4F8q3K96BXW3T3KWH3S-q0dW3zd1fJ3K9dF_W43Tw3_3ZWV5-4W1vn1&amp;si=8000000004880083&amp;pi=706066f9-4d86-419f-9e66-05fb95e0869c\">Gesti\u00f3n de clientes\/proveedores:\u00a0<\/a>Hasta 4.000\u20ac<\/li>\n<li><a href=\"https:\/\/t.sidekickopen10.com\/s3t\/c\/5\/f18dQhb0S7kF8bP4qfW78_qHx1jkhflN4kC_d_pLqdTMb0Gwf5YWYrVz7kSk4SbK9D101?te=W3R5hFj4cm2zwW4mKLS-3z8mL6W3K8Pwq4rBFxKW3P4F8q3K96BXW3T3KWH3S-q0dW3zd1fC3SxfNHF3zd6lWMxNm1&amp;si=8000000004880083&amp;pi=706066f9-4d86-419f-9e66-05fb95e0869c\">Business Intelligence y anal\u00edtica:\u00a0<\/a>Hasta 4.000\u20ac<\/li>\n<li><a href=\"https:\/\/t.sidekickopen10.com\/s3t\/c\/5\/f18dQhb0S7kF8bP4qfW78_qHx1jkhflN4kC_d_pLqdTMb0Gwf5YWYrVz7kSk4SbK9D101?te=W3R5hFj4cm2zwW4mKLS-3z8mL6W3K8Pwq4rBFxKW3P4F8q3K96BXW3T3KWH3S-q0dW3zd1fX3K8RlSW3F7-sQ1GFZkLW3F7-mL1GJTXxf4fPdv004&amp;si=8000000004880083&amp;pi=706066f9-4d86-419f-9e66-05fb95e0869c\">Servicios de oficina virtual:\u00a0<\/a>Hasta 12.000\u20ac<\/li>\n<li><a href=\"https:\/\/t.sidekickopen10.com\/s3t\/c\/5\/f18dQhb0S7kF8bP4qfW78_qHx1jkhflN4kC_d_pLqdTMb0Gwf5YWYrVz7kSk4SbK9D101?te=W3R5hFj4cm2zwW4mKLS-3z8mL6W3K8Pwq4rBFxKW3P4F8q3K96BXW3T3KWH3S-q0dW3zd1fJ3K9dF_W43Tw403JF546w43P0NSb7f2&amp;si=8000000004880083&amp;pi=706066f9-4d86-419f-9e66-05fb95e0869c\">Gesti\u00f3n de procesos:\u00a0<\/a>Hasta 6.000\u20ac<\/li>\n<li><a href=\"https:\/\/t.sidekickopen10.com\/s3t\/c\/5\/f18dQhb0S7kF8bP4qfW78_qHx1jkhflN4kC_d_pLqdTMb0Gwf5YWYrVz7kSk4SbK9D101?te=W3R5hFj4cm2zwW4mKLS-3z8mL6W3K8Pwq4rBFxKW3P4F8q3K96BXW3T3KWH3S-q0dW3zd1fH3z8p2pW49HLqp3ZVc24w49PGNr8yJ2&amp;si=8000000004880083&amp;pi=706066f9-4d86-419f-9e66-05fb95e0869c\">Factura electr\u00f3nica:<\/a>Hasta 1.000\u20ac<\/li>\n<li><a href=\"https:\/\/t.sidekickopen10.com\/s3t\/c\/5\/f18dQhb0S7kF8bP4qfW78_qHx1jkhflN4kC_d_pLqdTMb0Gwf5YWYrVz7kSk4SbK9D101?te=W3R5hFj4cm2zwW4mKLS-3z8mL6W3K8Pwq4rBFxKW3P4F8q3K96BXW3T3KWH3S-q0dW3zd1fD43TbXWW3SYLpt3T1MdJW4cfMnJ3P78q_2273&amp;si=8000000004880083&amp;pi=706066f9-4d86-419f-9e66-05fb95e0869c\">Comunicaciones seguras:\u00a0<\/a>Hasta 6.000\u20ac<\/li>\n<li><a href=\"https:\/\/t.sidekickopen10.com\/s3t\/c\/5\/f18dQhb0S7kF8bP4qfW78_qHx1jkhflN4kC_d_pLqdTMb0Gwf5YWYrVz7kSk4SbK9D101?te=W3R5hFj4cm2zwW4mKLS-3z8mL6W3K8Pwq4rBFxKW3P4F8q3K96BXW3T3KWH3S-q0dW3zd1fD3SYkh4W4cJ1Xm49M82521T3&amp;si=8000000004880083&amp;pi=706066f9-4d86-419f-9e66-05fb95e0869c\">Ciberseguridad:\u00a0<\/a>Hasta 6.000\u20ac<\/li>\n<\/ul>\n<\/div><div class=\"fusion-title title fusion-title-2 fusion-sep-none fusion-title-text fusion-title-size-two\"><h2 class=\"fusion-title-heading title-heading-left fusion-responsive-typography-calculated\" style=\"margin:0;--fontSize:54;line-height:1.14;\">\u00bfQu\u00e9 soluciones de AVANTMANAGER encontrar\u00e1s en el Kit Digital?<\/h2><\/div><div class=\"fusion-text fusion-text-3\" style=\"--awb-content-alignment:left;--awb-font-size:20px;--awb-line-height:1.4em;--awb-letter-spacing:-0.02em;\"><h3>Gesti\u00f3n de procesos<\/h3>\n<p>SOLUCI\u00d3N: <strong>AVANT MANAGER PRODUCTIVITY<\/strong><\/p>\n<ul>\n<li>Esta herramienta permite gestionar de manera f\u00e1cil e intuitiva todos los procesos del estudio: la captaci\u00f3n inicial del cliente, generaci\u00f3n de ofertas de honorarios, gesti\u00f3n de proyectos, gesti\u00f3n de tareas y de personas, registro de tiempo invertido, gesti\u00f3n de facturas emitidas y recibidas, gesti\u00f3n de hojas de gastos, control de jornada laboral, generaci\u00f3n de curr\u00edculums de proyectos, etc.<\/li>\n<li>Precio de la soluci\u00f3n: A partir de 70\u20ac.<\/li>\n<\/ul>\n<p>Este Producto es espec\u00edfico para estudios de Arquitectura e Ingenier\u00eda.<\/p>\n<h3>Gesti\u00f3n de clientes\/proveedores<\/h3>\n<p>SOLUCI\u00d3N: <strong>AVANT MANAGER CRM<\/strong><\/p>\n<ul>\n<li>Esta herramienta proporciona al usuario una potente base de datos para una eficiente clasificaci\u00f3n y gesti\u00f3n de todos sus clientes y proveedores. Se incluye sincronizaci\u00f3n con smartphone. Se incluye el m\u00f3dulo CRM Pipeline para una gesti\u00f3n eficiente del embudo de captaci\u00f3n comercial.<\/li>\n<li>Precio de la soluci\u00f3n: A partir de 70\u20ac.<\/li>\n<\/ul>\n<p>Este Producto es espec\u00edfico para estudios de Arquitectura e Ingenier\u00eda.<\/p>\n<h3>Business Intelligence y anal\u00edtica<\/h3>\n<p>SOLUCI\u00d3N: <strong>AVANT MANAGER ANALYTICS &amp; BUSINESS INTELLIGENCE<\/strong><\/p>\n<ul>\n<li>Esta herramienta permite al usuario disponer de toda la informaci\u00f3n econ\u00f3mica y anal\u00edtica de su estudio: cuenta de explotaci\u00f3n por proyecto, control de producci\u00f3n del estudio y por persona, informe de gesti\u00f3n por jefe de proyecto, por cliente, rentabilidad por tipo de trabajo, an\u00e1lisis de Cash Flows futuros, etc. Incluye App para smartphone.<\/li>\n<li>Precio de la soluci\u00f3n: A partir de 70\u20ac.<\/li>\n<\/ul>\n<p>Este Producto es espec\u00edfico para estudios de Arquitectura e Ingenier\u00eda.<\/p>\n<h3>Servicios y herramientas de oficina virtual<\/h3>\n<p>SOLUCI\u00d3N: <strong>AVANT MANAGER VIRTUAL OFFICE<\/strong><\/p>\n<ul>\n<li>Esta herramienta permite al usuario conectarse desde cualquier lugar a la plataforma de gesti\u00f3n de su estudio, desde la cual poder gestionar su equipo, sus proyectos y sus clientes. Se incluye un gestor de emails inteligente, chat interno, calendarios y contactos compartidos, App para smartphone, etc.<\/li>\n<li>Precio de la soluci\u00f3n: A partir de 70\u20ac.<\/li>\n<\/ul>\n<p>Este Producto es espec\u00edfico para estudios de Arquitectura e Ingenier\u00eda.<\/p>\n<\/div><\/div><\/div><\/div><\/div>\n","protected":false},"excerpt":{"rendered":"","protected":false},"author":1,"featured_media":0,"parent":0,"menu_order":0,"comment_status":"closed","ping_status":"closed","template":"100-width.php","meta":{"footnotes":""},"class_list":["post-4282","page","type-page","status-publish","hentry"],"yoast_head":"<!-- This site is optimized with the Yoast SEO plugin v25.6 - https:\/\/yoast.com\/wordpress\/plugins\/seo\/ -->\n<title>Kit Digital - Avant Manager<\/title>\n<meta name=\"description\" content=\"Avant Manager naci\u00f3 de las necesidades de equipo de ingenieros porque no exist\u00eda sistema de gesti\u00f3n espec\u00edfico para ingenier\u00eda y arquitectura\" \/>\n<meta name=\"robots\" content=\"index, follow, max-snippet:-1, max-image-preview:large, max-video-preview:-1\" \/>\n<link rel=\"canonical\" href=\"https:\/\/avantmanager.com\/en\/kit-digital\/\" \/>\n<meta property=\"og:locale\" content=\"en_US\" \/>\n<meta property=\"og:type\" content=\"article\" \/>\n<meta property=\"og:title\" content=\"Kit Digital - Avant Manager\" \/>\n<meta property=\"og:description\" content=\"Avant Manager naci\u00f3 de las necesidades de equipo de ingenieros porque no exist\u00eda sistema de gesti\u00f3n espec\u00edfico para ingenier\u00eda y arquitectura\" \/>\n<meta property=\"og:url\" content=\"https:\/\/avantmanager.com\/en\/kit-digital\/\" \/>\n<meta property=\"og:site_name\" content=\"Avant Manager\" \/>\n<meta property=\"article:modified_time\" content=\"2025-08-08T08:30:35+00:00\" \/>\n<meta name=\"twitter:card\" content=\"summary_large_image\" \/>\n<meta name=\"twitter:label1\" content=\"Est. reading time\" \/>\n\t<meta name=\"twitter:data1\" content=\"3 minutes\" \/>\n<script type=\"application\/ld+json\" class=\"yoast-schema-graph\">{\"@context\":\"https:\/\/schema.org\",\"@graph\":[{\"@type\":\"WebPage\",\"@id\":\"https:\/\/avantmanager.com\/en\/kit-digital\/\",\"url\":\"https:\/\/avantmanager.com\/en\/kit-digital\/\",\"name\":\"Kit Digital - Avant Manager\",\"isPartOf\":{\"@id\":\"https:\/\/avantmanager.com\/#website\"},\"datePublished\":\"2022-03-22T15:11:23+00:00\",\"dateModified\":\"2025-08-08T08:30:35+00:00\",\"description\":\"Avant Manager naci\u00f3 de las necesidades de equipo de ingenieros porque no exist\u00eda sistema de gesti\u00f3n espec\u00edfico para ingenier\u00eda y arquitectura\",\"breadcrumb\":{\"@id\":\"https:\/\/avantmanager.com\/en\/kit-digital\/#breadcrumb\"},\"inLanguage\":\"en-US\",\"potentialAction\":[{\"@type\":\"ReadAction\",\"target\":[\"https:\/\/avantmanager.com\/en\/kit-digital\/\"]}]},{\"@type\":\"BreadcrumbList\",\"@id\":\"https:\/\/avantmanager.com\/en\/kit-digital\/#breadcrumb\",\"itemListElement\":[{\"@type\":\"ListItem\",\"position\":1,\"name\":\"Portada\",\"item\":\"https:\/\/avantmanager.com\/en\/\"},{\"@type\":\"ListItem\",\"position\":2,\"name\":\"Kit Digital\"}]},{\"@type\":\"WebSite\",\"@id\":\"https:\/\/avantmanager.com\/#website\",\"url\":\"https:\/\/avantmanager.com\/\",\"name\":\"Avant Manager\",\"description\":\"Software de gesti\u00f3n para arquitectura e ingenier\u00eda\",\"potentialAction\":[{\"@type\":\"SearchAction\",\"target\":{\"@type\":\"EntryPoint\",\"urlTemplate\":\"https:\/\/avantmanager.com\/?s={search_term_string}\"},\"query-input\":{\"@type\":\"PropertyValueSpecification\",\"valueRequired\":true,\"valueName\":\"search_term_string\"}}],\"inLanguage\":\"en-US\"}]}<\/script>\n<!-- \/ Yoast SEO plugin. -->","yoast_head_json":{"title":"Kit Digital - Avant Manager","description":"Avant Manager naci\u00f3 de las necesidades de equipo de ingenieros porque no exist\u00eda sistema de gesti\u00f3n espec\u00edfico para ingenier\u00eda y arquitectura","robots":{"index":"index","follow":"follow","max-snippet":"max-snippet:-1","max-image-preview":"max-image-preview:large","max-video-preview":"max-video-preview:-1"},"canonical":"https:\/\/avantmanager.com\/en\/kit-digital\/","og_locale":"en_US","og_type":"article","og_title":"Kit Digital - Avant Manager","og_description":"Avant Manager naci\u00f3 de las necesidades de equipo de ingenieros porque no exist\u00eda sistema de gesti\u00f3n espec\u00edfico para ingenier\u00eda y arquitectura","og_url":"https:\/\/avantmanager.com\/en\/kit-digital\/","og_site_name":"Avant Manager","article_modified_time":"2025-08-08T08:30:35+00:00","twitter_card":"summary_large_image","twitter_misc":{"Est. reading time":"3 minutes"},"schema":{"@context":"https:\/\/schema.org","@graph":[{"@type":"WebPage","@id":"https:\/\/avantmanager.com\/en\/kit-digital\/","url":"https:\/\/avantmanager.com\/en\/kit-digital\/","name":"Kit Digital - Avant Manager","isPartOf":{"@id":"https:\/\/avantmanager.com\/#website"},"datePublished":"2022-03-22T15:11:23+00:00","dateModified":"2025-08-08T08:30:35+00:00","description":"Avant Manager naci\u00f3 de las necesidades de equipo de ingenieros porque no exist\u00eda sistema de gesti\u00f3n espec\u00edfico para ingenier\u00eda y arquitectura","breadcrumb":{"@id":"https:\/\/avantmanager.com\/en\/kit-digital\/#breadcrumb"},"inLanguage":"en-US","potentialAction":[{"@type":"ReadAction","target":["https:\/\/avantmanager.com\/en\/kit-digital\/"]}]},{"@type":"BreadcrumbList","@id":"https:\/\/avantmanager.com\/en\/kit-digital\/#breadcrumb","itemListElement":[{"@type":"ListItem","position":1,"name":"Portada","item":"https:\/\/avantmanager.com\/en\/"},{"@type":"ListItem","position":2,"name":"Kit Digital"}]},{"@type":"WebSite","@id":"https:\/\/avantmanager.com\/#website","url":"https:\/\/avantmanager.com\/","name":"Avant Manager","description":"Software de gesti\u00f3n para arquitectura e ingenier\u00eda","potentialAction":[{"@type":"SearchAction","target":{"@type":"EntryPoint","urlTemplate":"https:\/\/avantmanager.com\/?s={search_term_string}"},"query-input":{"@type":"PropertyValueSpecification","valueRequired":true,"valueName":"search_term_string"}}],"inLanguage":"en-US"}]}},"_links":{"self":[{"href":"https:\/\/avantmanager.com\/en\/wp-json\/wp\/v2\/pages\/4282","targetHints":{"allow":["GET"]}}],"collection":[{"href":"https:\/\/avantmanager.com\/en\/wp-json\/wp\/v2\/pages"}],"about":[{"href":"https:\/\/avantmanager.com\/en\/wp-json\/wp\/v2\/types\/page"}],"author":[{"embeddable":true,"href":"https:\/\/avantmanager.com\/en\/wp-json\/wp\/v2\/users\/1"}],"replies":[{"embeddable":true,"href":"https:\/\/avantmanager.com\/en\/wp-json\/wp\/v2\/comments?post=4282"}],"version-history":[{"count":6,"href":"https:\/\/avantmanager.com\/en\/wp-json\/wp\/v2\/pages\/4282\/revisions"}],"predecessor-version":[{"id":5513,"href":"https:\/\/avantmanager.com\/en\/wp-json\/wp\/v2\/pages\/4282\/revisions\/5513"}],"wp:attachment":[{"href":"https:\/\/avantmanager.com\/en\/wp-json\/wp\/v2\/media?parent=4282"}],"curies":[{"name":"wp","href":"https:\/\/api.w.org\/{rel}","templated":true}]}}